{"id":4146,"date":"2025-07-23T14:50:05","date_gmt":"2025-07-23T12:50:05","guid":{"rendered":"https:\/\/decyde.eu\/?page_id=4146"},"modified":"2026-02-16T14:15:42","modified_gmt":"2026-02-16T13:15:42","slug":"churn-rate-reduction","status":"publish","type":"page","link":"https:\/\/decyde.eu\/de\/churn-rate-reduction\/","title":{"rendered":"Senkung der Abwanderungsrate"},"content":{"rendered":"<p><img fetchpriority=\"high\" decoding=\"async\" width=\"750\" height=\"750\" src=\"https:\/\/decyde.eu\/wp-content\/uploads\/2025\/07\/Dr_Adam_Flitton_sw_quare_03.jpg\" alt=\"Portrait of Dr. Adam Flitton\" srcset=\"https:\/\/decyde.eu\/wp-content\/uploads\/2025\/07\/Dr_Adam_Flitton_sw_quare_03.jpg 750w, https:\/\/decyde.eu\/wp-content\/uploads\/2025\/07\/Dr_Adam_Flitton_sw_quare_03-300x300.jpg 300w, https:\/\/decyde.eu\/wp-content\/uploads\/2025\/07\/Dr_Adam_Flitton_sw_quare_03-150x150.jpg 150w\" sizes=\"(max-width: 750px) 100vw, 750px\" \/>\t\t\t\t\t\t\t\t\t\t\t\t\t<\/p>\n<p><strong>Haben Sie Fragen zu diesem Fall?<\/strong><br \/>Setzen Sie sich mit uns in Verbindung, um zu erfahren, wie das funktioniert hat und wie es f\u00fcr Sie aussehen k\u00f6nnte.<\/p>\n<p>\t\t\t\t\t\t\t\t<a role=\"button\"><br \/>\n\t\t\t\t\t\t\t\t\tSprechen Sie mit Adam<br \/>\n\t\t\t\t\t<\/a><\/p>\n<p>Kundenbindung<\/p>\n<h1>Senkung der K\u00fcndigungsrate um 8% durch gezieltes Behavioral Messaging<\/h1>\n<p><strong>Unser Kunde stand vor einer Produktumstellung, die eine Migration der Kund:innen auf ein anderes Produkt erforderte.<\/strong><br \/><strong>Diese Migration f\u00fchrte zu schwierigen Gespr\u00e4chen und dem Risiko einer ungew\u00f6hnlich hohen Abwanderungsrate im kommenden Verl\u00e4ngerungszyklus. Zus\u00e4tzlich bedeuteten technische Einschr\u00e4nkungen, dass der Spielraum f\u00fcr Anpassungen in der Verl\u00e4ngerungskommunikation sehr gering war.<\/strong><\/p>\n<p><strong>Erkenntnis: Kleine, aber gezielte \u00c4nderungen der Sprache haben gro\u00dfe Auswirkungen auf die Kundenbindung<\/strong><\/p>\n<p>Aufgrund der technischen Einschr\u00e4nkungen waren die \u00c4nderungen, die wir vornehmen konnten, auf die Formulierung einiger weniger S\u00e4tze in der Verl\u00e4ngerungseinladung beschr\u00e4nkt. Die Verhaltensprinzipien, die sich in zahlreichen M\u00e4rkten und Produkten bew\u00e4hrt haben, konnten jedoch auch in diesem begrenzten Rahmen angewendet werden.<\/p>\n<p><strong>Die L\u00f6sung: Eine aktualisierte Einladung zur Vertragsverl\u00e4ngerung<\/strong><\/p>\n<p>Sehr gezielte \u00c4nderungen an diesen wenigen S\u00e4tzen reichten aus, um die Kommunikation weg vom Preis und hin zum Wert zu lenken.<\/p>\n<ul>\n<li><strong>Value Framing:<\/strong> Verl\u00e4ngerung als Sicherung eines einzigartigen Werts statt als reine Rechnungszahlung positionieren<\/li>\n<li><strong>Implementation Intentions:<\/strong> Schritte und Konsequenzen klar machen<\/li>\n<li><strong>Soziale Information:<\/strong> Unsicherheit reduzieren, indem auf das Verhalten anderer verwiesen wird<\/li>\n<\/ul>\n<p><strong style=\"text-align: var(--text-align);\"><br \/>\nDie Ergebnisse<\/strong><\/p>\n<p>8%ige Verbesserung der K\u00fcndigungsrate durch die \u00c4nderung einer Handvoll S\u00e4tze in einer einzigen Erneuerungsanfrage<\/p>\n<p><strong>Zentrale Erkenntnis<\/strong><\/p>\n<p>Selbst in sehr eingeschr\u00e4nkten Situationen k\u00f6nnen Verhaltensgrunds\u00e4tze, die sehr pr\u00e4zise angewandt werden, die Abwanderungsrate erheblich verbessern und eine betr\u00e4chtliche Verbesserung der Kundenbindung bewirken.<\/p>\n<h4>Entdecken Sie weitere<br \/> Fallstudien<\/h4>\n<p>\t\t\t\t\t\t\t\t\t\t\t\t<a role=\"button\"><br \/>\n\t\t\t\t\t\t\t\t\tAlle Fallstudien<br \/>\n\t\t\t\t\t<\/a><br \/>\n\t\t\t\t\t\t\t\t\t\t\t\t\t\t\t\t\t\t\t<img decoding=\"async\" width=\"650\" height=\"650\" src=\"https:\/\/decyde.eu\/wp-content\/uploads\/2025\/07\/03_13.png\" alt=\"Talk Smarter, Keep More: Behavioural Calls Lift Retention by 33%\" srcset=\"https:\/\/decyde.eu\/wp-content\/uploads\/2025\/07\/03_13.png 650w, https:\/\/decyde.eu\/wp-content\/uploads\/2025\/07\/03_13-300x300.png 300w, https:\/\/decyde.eu\/wp-content\/uploads\/2025\/07\/03_13-150x150.png 150w\" sizes=\"(max-width: 650px) 100vw, 650px\" \/>\t\t\t\t\t\t\t\t\t\t\t\t\t<\/p>\n<p>Kl\u00fcger reden, mehr behalten: Verhaltensbasierte Anrufe erh\u00f6hen die Kundenbindung um 33%<\/p>\n<p>\t\t\t\t\t\t\t\t<a role=\"button\"><br \/>\n\t\t\t\t<svg aria-hidden=\"true\" viewBox=\"0 0 448 512\" xmlns=\"http:\/\/www.w3.org\/2000\/svg\"><path d=\"M190.5 66.9l22.2-22.2c9.4-9.4 24.6-9.4 33.9 0L441 239c9.4 9.4 9.4 24.6 0 33.9L246.6 467.3c-9.4 9.4-24.6 9.4-33.9 0l-22.2-22.2c-9.5-9.5-9.3-25 .4-34.3L311.4 296H24c-13.3 0-24-10.7-24-24v-32c0-13.3 10.7-24 24-24h287.4L190.9 101.2c-9.8-9.3-10-24.8-.4-34.3z\"><\/path><\/svg><br \/>\n\t\t\t\t\t\t\t\t\tVollst\u00e4ndige Fallstudie ansehen<br \/>\n\t\t\t\t\t<\/a><br \/>\n\t\t\t\t\t\t\t\t\t\t\t\t\t\t\t\t\t<img decoding=\"async\" width=\"650\" height=\"650\" src=\"https:\/\/decyde.eu\/wp-content\/uploads\/2025\/07\/04_27Percent.png\" alt=\"Clearer communication, stronger retention: 27% drop in passive churn\" srcset=\"https:\/\/decyde.eu\/wp-content\/uploads\/2025\/07\/04_27Percent.png 650w, https:\/\/decyde.eu\/wp-content\/uploads\/2025\/07\/04_27Percent-300x300.png 300w, https:\/\/decyde.eu\/wp-content\/uploads\/2025\/07\/04_27Percent-150x150.png 150w\" sizes=\"(max-width: 650px) 100vw, 650px\" \/>\t\t\t\t\t\t\t\t\t\t\t\t\t<\/p>\n<p>Klarere Kommunikation, st\u00e4rkere Bindung: 27% weniger passive Abwanderung<\/p>\n<p>\t\t\t\t\t\t\t\t<a role=\"button\"><br \/>\n\t\t\t\t<svg aria-hidden=\"true\" viewBox=\"0 0 448 512\" xmlns=\"http:\/\/www.w3.org\/2000\/svg\"><path d=\"M190.5 66.9l22.2-22.2c9.4-9.4 24.6-9.4 33.9 0L441 239c9.4 9.4 9.4 24.6 0 33.9L246.6 467.3c-9.4 9.4-24.6 9.4-33.9 0l-22.2-22.2c-9.5-9.5-9.3-25 .4-34.3L311.4 296H24c-13.3 0-24-10.7-24-24v-32c0-13.3 10.7-24 24-24h287.4L190.9 101.2c-9.8-9.3-10-24.8-.4-34.3z\"><\/path><\/svg><br \/>\n\t\t\t\t\t\t\t\t\tVollst\u00e4ndige Fallstudie ansehen<br \/>\n\t\t\t\t\t<\/a><\/p>\n<h3>Lassen Sie uns Ihre Erfolgsgeschichte aufbauen<\/h3>\n<p>Lassen Sie uns herausfinden, wie wir die Kundenabwanderung verringern, die Kundenzufriedenheit verbessern und das Wachstum wiederkehrender Ums\u00e4tze durch intelligentere Entscheidungen, optimierte Customer Journeys und L\u00f6sungen, die die Rentabilit\u00e4t tats\u00e4chlich erh\u00f6hen, freisetzen k\u00f6nnen.<\/p>\n<p>Telefon: <a style=\"color: #004141;\" href=\"tel:++41%2058%20358%2085%2097\">+41 58 358 85 97<\/a><br \/>E-Mail: <a style=\"color: #004141; text-decoration: none;\" href=\"mailto:info@decyde.eu\">info@decyde.eu<\/a><\/p>\n<h2>Schreiben Sie uns eine Nachricht<\/h2>\n","protected":false},"excerpt":{"rendered":"<p>Haben Sie Fragen zu diesem Fall?Setzen Sie sich mit uns in Verbindung, um zu erfahren, wie das funktioniert hat und wie es f\u00fcr Sie aussehen k\u00f6nnte. Sprechen Sie mit Adam Kundenbindung Senkung der K\u00fcndigungsrate um 8% durch gezieltes Behavioral Messaging Unser Kunde stand vor einer Produktumstellung, die eine Migration der Kund:innen auf ein anderes Produkt [&hellip;]<\/p>\n","protected":false},"author":6,"featured_media":4172,"parent":0,"menu_order":0,"comment_status":"closed","ping_status":"closed","template":"","meta":{"footnotes":""},"class_list":["post-4146","page","type-page","status-publish","has-post-thumbnail","hentry"],"yoast_head":"<!-- This site is optimized with the Yoast SEO plugin v26.7 - https:\/\/yoast.com\/wordpress\/plugins\/seo\/ -->\n<title>Senkung der Abwanderungsrate | um 8% verbessert - Fallstudie<\/title>\n<meta name=\"description\" content=\"Senkung der Abwanderungsrate durch verhaltensorientierte Nachrichten: Sehen Sie, wie wir mit nur wenigen Worten eine Verbesserung um 8% erreicht haben. Mehr \u00fcber den Fall!\" \/>\n<meta name=\"robots\" content=\"index, follow, max-snippet:-1, max-image-preview:large, max-video-preview:-1\" \/>\n<link rel=\"canonical\" href=\"https:\/\/decyde.eu\/de\/churn-rate-reduction\/\" \/>\n<meta property=\"og:locale\" content=\"de_DE\" \/>\n<meta property=\"og:type\" content=\"article\" \/>\n<meta property=\"og:title\" content=\"Senkung der Abwanderungsrate | um 8% verbessert - Fallstudie\" \/>\n<meta property=\"og:description\" content=\"Senkung der Abwanderungsrate durch verhaltensorientierte Nachrichten: Sehen Sie, wie wir mit nur wenigen Worten eine Verbesserung um 8% erreicht haben. Mehr \u00fcber den Fall!\" \/>\n<meta property=\"og:url\" content=\"https:\/\/decyde.eu\/de\/churn-rate-reduction\/\" \/>\n<meta property=\"og:site_name\" content=\"DECYDE\" \/>\n<meta property=\"article:modified_time\" content=\"2026-02-16T13:15:42+00:00\" \/>\n<meta property=\"og:image\" content=\"https:\/\/decyde.eu\/wp-content\/uploads\/2025\/07\/02_8Percent.png\" \/>\n\t<meta property=\"og:image:width\" content=\"650\" \/>\n\t<meta property=\"og:image:height\" content=\"650\" \/>\n\t<meta property=\"og:image:type\" content=\"image\/png\" \/>\n<meta name=\"twitter:card\" content=\"summary_large_image\" \/>\n<meta name=\"twitter:label1\" content=\"Gesch\u00e4tzte Lesezeit\" \/>\n\t<meta name=\"twitter:data1\" content=\"3\u00a0Minuten\" \/>\n<script type=\"application\/ld+json\" class=\"yoast-schema-graph\">{\"@context\":\"https:\/\/schema.org\",\"@graph\":[{\"@type\":\"WebPage\",\"@id\":\"https:\/\/decyde.eu\/de\/churn-rate-reduction\/\",\"url\":\"https:\/\/decyde.eu\/de\/churn-rate-reduction\/\",\"name\":\"Senkung der Abwanderungsrate | um 8% verbessert - Fallstudie\",\"isPartOf\":{\"@id\":\"https:\/\/decyde.eu\/de\/#website\"},\"primaryImageOfPage\":{\"@id\":\"https:\/\/decyde.eu\/de\/churn-rate-reduction\/#primaryimage\"},\"image\":{\"@id\":\"https:\/\/decyde.eu\/de\/churn-rate-reduction\/#primaryimage\"},\"thumbnailUrl\":\"https:\/\/decyde.eu\/wp-content\/uploads\/2025\/07\/02_8Percent.png\",\"datePublished\":\"2025-07-23T12:50:05+00:00\",\"dateModified\":\"2026-02-16T13:15:42+00:00\",\"description\":\"Senkung der Abwanderungsrate durch verhaltensorientierte Nachrichten: Sehen Sie, wie wir mit nur wenigen Worten eine Verbesserung um 8% erreicht haben. Mehr \u00fcber den Fall!\",\"breadcrumb\":{\"@id\":\"https:\/\/decyde.eu\/de\/churn-rate-reduction\/#breadcrumb\"},\"inLanguage\":\"de\",\"potentialAction\":[{\"@type\":\"ReadAction\",\"target\":[\"https:\/\/decyde.eu\/de\/churn-rate-reduction\/\"]}]},{\"@type\":\"ImageObject\",\"inLanguage\":\"de\",\"@id\":\"https:\/\/decyde.eu\/de\/churn-rate-reduction\/#primaryimage\",\"url\":\"https:\/\/decyde.eu\/wp-content\/uploads\/2025\/07\/02_8Percent.png\",\"contentUrl\":\"https:\/\/decyde.eu\/wp-content\/uploads\/2025\/07\/02_8Percent.png\",\"width\":650,\"height\":650,\"caption\":\"Small Words, Big Impact: Precision Language Cuts Churn by 8%\"},{\"@type\":\"BreadcrumbList\",\"@id\":\"https:\/\/decyde.eu\/de\/churn-rate-reduction\/#breadcrumb\",\"itemListElement\":[{\"@type\":\"ListItem\",\"position\":1,\"name\":\"Home\",\"item\":\"https:\/\/decyde.eu\/de\/\"},{\"@type\":\"ListItem\",\"position\":2,\"name\":\"Senkung der Abwanderungsrate\"}]},{\"@type\":\"WebSite\",\"@id\":\"https:\/\/decyde.eu\/de\/#website\",\"url\":\"https:\/\/decyde.eu\/de\/\",\"name\":\"decyde.eu\",\"description\":\"Shaping decisions. Delivering impact.\",\"publisher\":{\"@id\":\"https:\/\/decyde.eu\/de\/#organization\"},\"potentialAction\":[{\"@type\":\"SearchAction\",\"target\":{\"@type\":\"EntryPoint\",\"urlTemplate\":\"https:\/\/decyde.eu\/de\/?s={search_term_string}\"},\"query-input\":{\"@type\":\"PropertyValueSpecification\",\"valueRequired\":true,\"valueName\":\"search_term_string\"}}],\"inLanguage\":\"de\"},{\"@type\":\"Organization\",\"@id\":\"https:\/\/decyde.eu\/de\/#organization\",\"name\":\"decyde.eu\",\"url\":\"https:\/\/decyde.eu\/de\/\",\"logo\":{\"@type\":\"ImageObject\",\"inLanguage\":\"de\",\"@id\":\"https:\/\/decyde.eu\/de\/#\/schema\/logo\/image\/\",\"url\":\"https:\/\/decyde.eu\/wp-content\/uploads\/2024\/11\/DECYDE_by_Allianz_hor_Logo_LightGreen_RGB.svg\",\"contentUrl\":\"https:\/\/decyde.eu\/wp-content\/uploads\/2024\/11\/DECYDE_by_Allianz_hor_Logo_LightGreen_RGB.svg\",\"width\":1748,\"height\":190,\"caption\":\"decyde.eu\"},\"image\":{\"@id\":\"https:\/\/decyde.eu\/de\/#\/schema\/logo\/image\/\"}}]}<\/script>\n<!-- \/ Yoast SEO plugin. -->","yoast_head_json":{"title":"Senkung der Abwanderungsrate | um 8% verbessert - Fallstudie","description":"Senkung der Abwanderungsrate durch verhaltensorientierte Nachrichten: Sehen Sie, wie wir mit nur wenigen Worten eine Verbesserung um 8% erreicht haben. Mehr \u00fcber den Fall!","robots":{"index":"index","follow":"follow","max-snippet":"max-snippet:-1","max-image-preview":"max-image-preview:large","max-video-preview":"max-video-preview:-1"},"canonical":"https:\/\/decyde.eu\/de\/churn-rate-reduction\/","og_locale":"de_DE","og_type":"article","og_title":"Senkung der Abwanderungsrate | um 8% verbessert - Fallstudie","og_description":"Senkung der Abwanderungsrate durch verhaltensorientierte Nachrichten: Sehen Sie, wie wir mit nur wenigen Worten eine Verbesserung um 8% erreicht haben. Mehr \u00fcber den Fall!","og_url":"https:\/\/decyde.eu\/de\/churn-rate-reduction\/","og_site_name":"DECYDE","article_modified_time":"2026-02-16T13:15:42+00:00","og_image":[{"width":650,"height":650,"url":"https:\/\/decyde.eu\/wp-content\/uploads\/2025\/07\/02_8Percent.png","type":"image\/png"}],"twitter_card":"summary_large_image","twitter_misc":{"Gesch\u00e4tzte Lesezeit":"3\u00a0Minuten"},"schema":{"@context":"https:\/\/schema.org","@graph":[{"@type":"WebPage","@id":"https:\/\/decyde.eu\/de\/churn-rate-reduction\/","url":"https:\/\/decyde.eu\/de\/churn-rate-reduction\/","name":"Senkung der Abwanderungsrate | um 8% verbessert - Fallstudie","isPartOf":{"@id":"https:\/\/decyde.eu\/de\/#website"},"primaryImageOfPage":{"@id":"https:\/\/decyde.eu\/de\/churn-rate-reduction\/#primaryimage"},"image":{"@id":"https:\/\/decyde.eu\/de\/churn-rate-reduction\/#primaryimage"},"thumbnailUrl":"https:\/\/decyde.eu\/wp-content\/uploads\/2025\/07\/02_8Percent.png","datePublished":"2025-07-23T12:50:05+00:00","dateModified":"2026-02-16T13:15:42+00:00","description":"Senkung der Abwanderungsrate durch verhaltensorientierte Nachrichten: Sehen Sie, wie wir mit nur wenigen Worten eine Verbesserung um 8% erreicht haben. Mehr \u00fcber den Fall!","breadcrumb":{"@id":"https:\/\/decyde.eu\/de\/churn-rate-reduction\/#breadcrumb"},"inLanguage":"de","potentialAction":[{"@type":"ReadAction","target":["https:\/\/decyde.eu\/de\/churn-rate-reduction\/"]}]},{"@type":"ImageObject","inLanguage":"de","@id":"https:\/\/decyde.eu\/de\/churn-rate-reduction\/#primaryimage","url":"https:\/\/decyde.eu\/wp-content\/uploads\/2025\/07\/02_8Percent.png","contentUrl":"https:\/\/decyde.eu\/wp-content\/uploads\/2025\/07\/02_8Percent.png","width":650,"height":650,"caption":"Small Words, Big Impact: Precision Language Cuts Churn by 8%"},{"@type":"BreadcrumbList","@id":"https:\/\/decyde.eu\/de\/churn-rate-reduction\/#breadcrumb","itemListElement":[{"@type":"ListItem","position":1,"name":"Home","item":"https:\/\/decyde.eu\/de\/"},{"@type":"ListItem","position":2,"name":"Senkung der Abwanderungsrate"}]},{"@type":"WebSite","@id":"https:\/\/decyde.eu\/de\/#website","url":"https:\/\/decyde.eu\/de\/","name":"decyde.eu","description":"Shaping decisions. Delivering impact.","publisher":{"@id":"https:\/\/decyde.eu\/de\/#organization"},"potentialAction":[{"@type":"SearchAction","target":{"@type":"EntryPoint","urlTemplate":"https:\/\/decyde.eu\/de\/?s={search_term_string}"},"query-input":{"@type":"PropertyValueSpecification","valueRequired":true,"valueName":"search_term_string"}}],"inLanguage":"de"},{"@type":"Organization","@id":"https:\/\/decyde.eu\/de\/#organization","name":"decyde.eu","url":"https:\/\/decyde.eu\/de\/","logo":{"@type":"ImageObject","inLanguage":"de","@id":"https:\/\/decyde.eu\/de\/#\/schema\/logo\/image\/","url":"https:\/\/decyde.eu\/wp-content\/uploads\/2024\/11\/DECYDE_by_Allianz_hor_Logo_LightGreen_RGB.svg","contentUrl":"https:\/\/decyde.eu\/wp-content\/uploads\/2024\/11\/DECYDE_by_Allianz_hor_Logo_LightGreen_RGB.svg","width":1748,"height":190,"caption":"decyde.eu"},"image":{"@id":"https:\/\/decyde.eu\/de\/#\/schema\/logo\/image\/"}}]}},"_links":{"self":[{"href":"https:\/\/decyde.eu\/de\/wp-json\/wp\/v2\/pages\/4146","targetHints":{"allow":["GET"]}}],"collection":[{"href":"https:\/\/decyde.eu\/de\/wp-json\/wp\/v2\/pages"}],"about":[{"href":"https:\/\/decyde.eu\/de\/wp-json\/wp\/v2\/types\/page"}],"author":[{"embeddable":true,"href":"https:\/\/decyde.eu\/de\/wp-json\/wp\/v2\/users\/6"}],"replies":[{"embeddable":true,"href":"https:\/\/decyde.eu\/de\/wp-json\/wp\/v2\/comments?post=4146"}],"version-history":[{"count":9,"href":"https:\/\/decyde.eu\/de\/wp-json\/wp\/v2\/pages\/4146\/revisions"}],"predecessor-version":[{"id":5846,"href":"https:\/\/decyde.eu\/de\/wp-json\/wp\/v2\/pages\/4146\/revisions\/5846"}],"wp:featuredmedia":[{"embeddable":true,"href":"https:\/\/decyde.eu\/de\/wp-json\/wp\/v2\/media\/4172"}],"wp:attachment":[{"href":"https:\/\/decyde.eu\/de\/wp-json\/wp\/v2\/media?parent=4146"}],"curies":[{"name":"wp","href":"https:\/\/api.w.org\/{rel}","templated":true}]}}