{"id":4134,"date":"2025-07-23T14:50:47","date_gmt":"2025-07-23T12:50:47","guid":{"rendered":"https:\/\/decyde.eu\/?page_id=4134"},"modified":"2026-02-16T14:16:43","modified_gmt":"2026-02-16T13:16:43","slug":"kontakt","status":"publish","type":"page","link":"https:\/\/decyde.eu\/de\/kontakt\/","title":{"rendered":"Kontakt"},"content":{"rendered":"\t\t<div data-elementor-type=\"wp-page\" data-elementor-id=\"4134\" class=\"elementor elementor-4134 elementor-2916\" data-elementor-post-type=\"page\">\n\t\t\t\t<div class=\"elementor-element elementor-element-9b9ad24 e-flex e-con-boxed e-con e-parent\" data-id=\"9b9ad24\" data-element_type=\"container\" data-settings=\"{&quot;background_background&quot;:&quot;classic&quot;}\">\n\t\t\t\t\t<div class=\"e-con-inner\">\n\t\t\t\t<div class=\"elementor-element elementor-element-7110a57 elementor-widget elementor-widget-spacer\" data-id=\"7110a57\" data-element_type=\"widget\" data-widget_type=\"spacer.default\">\n\t\t\t\t\t\t\t<div class=\"elementor-spacer\">\n\t\t\t<div class=\"elementor-spacer-inner\"><\/div>\n\t\t<\/div>\n\t\t\t\t\t\t<\/div>\n\t\t\t\t<div class=\"elementor-element elementor-element-9022e16 elementor-widget elementor-widget-heading\" data-id=\"9022e16\" data-element_type=\"widget\" data-widget_type=\"heading.default\">\n\t\t\t\t\t<h1 class=\"elementor-heading-title elementor-size-default\">Buchen Sie Ihren Behavioural Audit<\/h1>\t\t\t\t<\/div>\n\t\t\t\t<div class=\"elementor-element elementor-element-ae5b46c elementor-widget elementor-widget-spacer\" data-id=\"ae5b46c\" data-element_type=\"widget\" data-widget_type=\"spacer.default\">\n\t\t\t\t\t\t\t<div class=\"elementor-spacer\">\n\t\t\t<div class=\"elementor-spacer-inner\"><\/div>\n\t\t<\/div>\n\t\t\t\t\t\t<\/div>\n\t\t\t\t\t<\/div>\n\t\t\t\t<\/div>\n\t\t<div class=\"elementor-element elementor-element-f68ee65 e-flex e-con-boxed e-con e-parent\" data-id=\"f68ee65\" data-element_type=\"container\" data-settings=\"{&quot;background_background&quot;:&quot;classic&quot;}\">\n\t\t\t\t\t<div class=\"e-con-inner\">\n\t\t<div class=\"elementor-element elementor-element-20ce266 e-con-full e-flex e-con e-child\" data-id=\"20ce266\" data-element_type=\"container\">\n\t\t\t\t<div class=\"elementor-element elementor-element-08f635b elementor-widget-mobile__width-inherit elementor-widget elementor-widget-image\" data-id=\"08f635b\" data-element_type=\"widget\" data-widget_type=\"image.default\">\n\t\t\t\t\t\t\t\t\t\t\t\t\t\t\t<img fetchpriority=\"high\" decoding=\"async\" width=\"750\" height=\"750\" src=\"https:\/\/decyde.eu\/wp-content\/uploads\/2025\/07\/Dr_Adam_Flitton_sw_quare_03.jpg\" class=\"attachment-large size-large wp-image-5258\" alt=\"Portrait of Dr. Adam Flitton\" srcset=\"https:\/\/decyde.eu\/wp-content\/uploads\/2025\/07\/Dr_Adam_Flitton_sw_quare_03.jpg 750w, https:\/\/decyde.eu\/wp-content\/uploads\/2025\/07\/Dr_Adam_Flitton_sw_quare_03-300x300.jpg 300w, https:\/\/decyde.eu\/wp-content\/uploads\/2025\/07\/Dr_Adam_Flitton_sw_quare_03-150x150.jpg 150w\" sizes=\"(max-width: 750px) 100vw, 750px\" \/>\t\t\t\t\t\t\t\t\t\t\t\t\t\t\t<\/div>\n\t\t\t\t<div class=\"elementor-element elementor-element-fb6646e elementor-widget__width-initial elementor-widget elementor-widget-text-editor\" data-id=\"fb6646e\" data-element_type=\"widget\" data-widget_type=\"text-editor.default\">\n\t\t\t\t\t\t\t\t\t<p><strong>Adam Flitton<\/strong><br \/>Experte f\u00fcr Verhaltenswissenschaften<\/p>\n\t\t\t\t\t\t\t\t<\/div>\n\t\t\t\t<\/div>\n\t\t<div class=\"elementor-element elementor-element-117cb64 e-con-full e-flex e-con e-child\" data-id=\"117cb64\" data-element_type=\"container\">\n\t\t\t\t<div class=\"elementor-element elementor-element-9a3ac2b elementor-widget elementor-widget-heading\" data-id=\"9a3ac2b\" data-element_type=\"widget\" data-widget_type=\"heading.default\">\n\t\t\t\t\t<h4 class=\"elementor-heading-title elementor-size-default\">Wir helfen Ihnen, herauszufinden, was das Wachstum behindert und was Sie dagegen tun k\u00f6nnen.<\/h4>\t\t\t\t<\/div>\n\t\t\t\t<div class=\"elementor-element elementor-element-7c7579d elementor-widget elementor-widget-spacer\" data-id=\"7c7579d\" data-element_type=\"widget\" data-widget_type=\"spacer.default\">\n\t\t\t\t\t\t\t<div class=\"elementor-spacer\">\n\t\t\t<div class=\"elementor-spacer-inner\"><\/div>\n\t\t<\/div>\n\t\t\t\t\t\t<\/div>\n\t\t\t\t<div class=\"elementor-element elementor-element-b1b7513 elementor-widget elementor-widget-text-editor\" data-id=\"b1b7513\" data-element_type=\"widget\" data-widget_type=\"text-editor.default\">\n\t\t\t\t\t\t\t\t\t<p>Adam arbeitet mit F\u00fchrungsteams verschiedenster Branchen zusammen, um Entscheidungen zu gestalten und Leistung zu steigern. F\u00fchren Sie \u00fcber das untenstehende Feld ein erstes Gespr\u00e4ch mit ihm.<\/p>\n\t\t\t\t\t\t\t\t<\/div>\n\t\t\t\t<div class=\"elementor-element elementor-element-36ef634 elementor-widget elementor-widget-spacer\" data-id=\"36ef634\" data-element_type=\"widget\" data-widget_type=\"spacer.default\">\n\t\t\t\t\t\t\t<div class=\"elementor-spacer\">\n\t\t\t<div class=\"elementor-spacer-inner\"><\/div>\n\t\t<\/div>\n\t\t\t\t\t\t<\/div>\n\t\t\t\t<div class=\"elementor-element elementor-element-03e9506 elementor-widget elementor-widget-text-editor\" data-id=\"03e9506\" data-element_type=\"widget\" data-widget_type=\"text-editor.default\">\n\t\t\t\t\t\t\t\t\t<p><strong>Was passiert, nachdem Sie uns kontaktiert haben?<\/strong><\/p>\n<ul>\n<li>Wir setzen uns mit Ihnen in Verbindung, um einen Termin f\u00fcr eine 20-min\u00fctige Erstgespr\u00e4ch zu vereinbaren.<\/li>\n<li>Sie erhalten einen Einblick, wie wir Wirkung erzielen k\u00f6nnen<\/li>\n<li>Sie entscheiden, wie es weitergeht<\/li>\n<\/ul>\n\t\t\t\t\t\t\t\t<\/div>\n\t\t\t\t<div class=\"elementor-element elementor-element-74584bc elementor-widget__width-initial elementor-widget elementor-widget-spacer\" data-id=\"74584bc\" data-element_type=\"widget\" data-widget_type=\"spacer.default\">\n\t\t\t\t\t\t\t<div class=\"elementor-spacer\">\n\t\t\t<div class=\"elementor-spacer-inner\"><\/div>\n\t\t<\/div>\n\t\t\t\t\t\t<\/div>\n\t\t\t\t<\/div>\n\t\t\t\t\t<\/div>\n\t\t\t\t<\/div>\n\t\t<div class=\"elementor-element elementor-element-8fbebc5 e-flex e-con-boxed e-con e-parent\" data-id=\"8fbebc5\" data-element_type=\"container\" data-settings=\"{&quot;background_background&quot;:&quot;classic&quot;}\">\n\t\t\t\t\t<div class=\"e-con-inner\">\n\t\t<div class=\"elementor-element elementor-element-e303c57 e-con-full e-flex e-con e-child\" data-id=\"e303c57\" data-element_type=\"container\">\n\t\t\t\t<div class=\"elementor-element elementor-element-6334e0f elementor-hidden-tablet elementor-widget elementor-widget-spacer\" data-id=\"6334e0f\" data-element_type=\"widget\" data-widget_type=\"spacer.default\">\n\t\t\t\t\t\t\t<div class=\"elementor-spacer\">\n\t\t\t<div class=\"elementor-spacer-inner\"><\/div>\n\t\t<\/div>\n\t\t\t\t\t\t<\/div>\n\t\t\t\t<\/div>\n\t\t<div class=\"elementor-element elementor-element-18dd474 e-con-full e-flex e-con e-child\" data-id=\"18dd474\" data-element_type=\"container\" data-settings=\"{&quot;animation&quot;:&quot;none&quot;}\">\n\t\t\t\t<div class=\"elementor-element elementor-element-092fcdc elementor-widget elementor-widget-heading\" data-id=\"092fcdc\" data-element_type=\"widget\" data-widget_type=\"heading.default\">\n\t\t\t\t\t<h3 class=\"elementor-heading-title elementor-size-default\">Haben Sie eine Frage?  Lassen Sie uns reden<\/h3>\t\t\t\t<\/div>\n\t\t\t\t<div class=\"elementor-element elementor-element-67682d2 elementor-widget elementor-widget-text-editor\" data-id=\"67682d2\" data-element_type=\"widget\" data-widget_type=\"text-editor.default\">\n\t\t\t\t\t\t\t\t\t<p>Lassen Sie uns besprechen, wie unsere ma\u00dfgeschneiderten L\u00f6sungen die Entscheidungsfindung und Leistung optimieren k\u00f6nnen.<\/p>\n\t\t\t\t\t\t\t\t<\/div>\n\t\t\t\t<div class=\"elementor-element elementor-element-985655a elementor-widget elementor-widget-text-editor\" data-id=\"985655a\" data-element_type=\"widget\" data-widget_type=\"text-editor.default\">\n\t\t\t\t\t\t\t\t\t<p><span style=\"color: #004141;\">Telefon: <a style=\"color: #004141;\" href=\"tel:++41%2058%20358%2085%2097\">+41 58 358 85 97<\/a><br \/><\/span><span style=\"color: #004141;\">E-Mail: <a style=\"color: #004141; text-decoration: none;\" href=\"mailto:info@decyde.eu\">info@decyde.eu<\/a><br \/><\/span><\/p>\n\t\t\t\t\t\t\t\t<\/div>\n\t\t\t\t<\/div>\n\t\t<div class=\"elementor-element elementor-element-279297b e-con-full e-flex e-con e-child\" data-id=\"279297b\" data-element_type=\"container\">\n\t\t\t\t<div class=\"elementor-element elementor-element-9bd73d8 elementor-widget__width-initial elementor-widget elementor-widget-heading\" data-id=\"9bd73d8\" data-element_type=\"widget\" data-settings=\"{&quot;_animation&quot;:&quot;none&quot;,&quot;_animation_delay&quot;:300}\" data-widget_type=\"heading.default\">\n\t\t\t\t\t<h2 class=\"elementor-heading-title elementor-size-default\">Schreiben Sie uns eine Nachricht<\/h2>\t\t\t\t<\/div>\n\t\t\t\t<div class=\"elementor-element elementor-element-ab5b0f8 elementor-widget elementor-widget-spacer\" data-id=\"ab5b0f8\" data-element_type=\"widget\" data-widget_type=\"spacer.default\">\n\t\t\t\t\t\t\t<div class=\"elementor-spacer\">\n\t\t\t<div class=\"elementor-spacer-inner\"><\/div>\n\t\t<\/div>\n\t\t\t\t\t\t<\/div>\n\t\t\t\t<div class=\"elementor-element elementor-element-dd57e6a elementor-button-align-start elementor-widget elementor-widget-form\" data-id=\"dd57e6a\" data-element_type=\"widget\" data-settings=\"{&quot;step_next_label&quot;:&quot;N\\u00e4chste&quot;,&quot;step_previous_label&quot;:&quot;Vorherige&quot;,&quot;_animation&quot;:&quot;none&quot;,&quot;button_width&quot;:&quot;100&quot;,&quot;step_type&quot;:&quot;number_text&quot;,&quot;step_icon_shape&quot;:&quot;circle&quot;}\" data-widget_type=\"form.default\">\n\t\t\t\t\t\t\t<form class=\"elementor-form\" method=\"post\" name=\"Neue Form\" aria-label=\"Neue Form\">\n\t\t\t<input type=\"hidden\" name=\"post_id\" value=\"4134\"\/>\n\t\t\t<input type=\"hidden\" name=\"form_id\" value=\"dd57e6a\"\/>\n\t\t\t<input type=\"hidden\" name=\"referer_title\" value=\"Verhaltenswissenschaft als Wachstumstreiber | Kontaktieren Sie uns\" \/>\n\n\t\t\t\t\t\t\t<input type=\"hidden\" name=\"queried_id\" value=\"4134\"\/>\n\t\t\t\n\t\t\t<div class=\"elementor-form-fields-wrapper elementor-labels-\">\n\t\t\t\t\t\t\t\t<div class=\"elementor-field-type-text elementor-field-group elementor-column elementor-field-group-name elementor-col-100 elementor-field-required\">\n\t\t\t\t\t\t\t\t\t\t\t\t<label for=\"form-field-name\" class=\"elementor-field-label elementor-screen-only\">\n\t\t\t\t\t\t\t\tName\t\t\t\t\t\t\t<\/label>\n\t\t\t\t\t\t\t\t\t\t\t\t\t\t<input size=\"1\" type=\"text\" name=\"form_fields[name]\" id=\"form-field-name\" class=\"elementor-field elementor-size-lg  elementor-field-textual\" placeholder=\"Name\" required=\"required\">\n\t\t\t\t\t\t\t\t\t\t\t<\/div>\n\t\t\t\t\t\t\t\t<div class=\"elementor-field-type-email elementor-field-group elementor-column elementor-field-group-email elementor-col-100 elementor-field-required\">\n\t\t\t\t\t\t\t\t\t\t\t\t<label for=\"form-field-email\" class=\"elementor-field-label elementor-screen-only\">\n\t\t\t\t\t\t\t\tE-Mail\t\t\t\t\t\t\t<\/label>\n\t\t\t\t\t\t\t\t\t\t\t\t\t\t<input size=\"1\" type=\"email\" name=\"form_fields[email]\" id=\"form-field-email\" class=\"elementor-field elementor-size-lg  elementor-field-textual\" placeholder=\"E-Mail\" required=\"required\">\n\t\t\t\t\t\t\t\t\t\t\t<\/div>\n\t\t\t\t\t\t\t\t<div class=\"elementor-field-type-textarea elementor-field-group elementor-column elementor-field-group-message elementor-col-100 elementor-field-required\">\n\t\t\t\t\t\t\t\t\t\t\t\t<label for=\"form-field-message\" class=\"elementor-field-label elementor-screen-only\">\n\t\t\t\t\t\t\t\tNachricht\t\t\t\t\t\t\t<\/label>\n\t\t\t\t\t\t<textarea class=\"elementor-field-textual elementor-field  elementor-size-lg\" name=\"form_fields[message]\" id=\"form-field-message\" rows=\"8\" placeholder=\"Nachricht\" required=\"required\"><\/textarea>\t\t\t\t<\/div>\n\t\t\t\t\t\t\t\t<div class=\"elementor-field-type-recaptcha_v3 elementor-field-group elementor-column elementor-field-group-field_41af361 elementor-col-100 recaptcha_v3-bottomright\">\n\t\t\t\t\t<div class=\"elementor-field\" id=\"form-field-field_41af361\"><div class=\"elementor-g-recaptcha\" data-sitekey=\"6LdhGJ4qAAAAAOa27mtHts8Y2GTZ-DdlXyKJAUcw\" data-type=\"v3\" data-action=\"Form\" data-badge=\"bottomright\" data-size=\"invisible\"><\/div><\/div>\t\t\t\t<\/div>\n\t\t\t\t\t\t\t\t<div class=\"elementor-field-group elementor-column elementor-field-type-submit elementor-col-100 e-form__buttons\">\n\t\t\t\t\t<button class=\"elementor-button elementor-size-sm elementor-animation-grow\" type=\"submit\">\n\t\t\t\t\t\t<span class=\"elementor-button-content-wrapper\">\n\t\t\t\t\t\t\t\t\t\t\t\t\t\t\t\t\t\t\t\t\t\t<span class=\"elementor-button-text\">Senden Sie<\/span>\n\t\t\t\t\t\t\t\t\t\t\t\t\t<\/span>\n\t\t\t\t\t<\/button>\n\t\t\t\t<\/div>\n\t\t\t<\/div>\n\t\t<\/form>\n\t\t\t\t\t\t<\/div>\n\t\t\t\t<\/div>\n\t\t<div class=\"elementor-element elementor-element-54e5be8 e-con-full e-flex e-con e-child\" data-id=\"54e5be8\" data-element_type=\"container\">\n\t\t\t\t<\/div>\n\t\t\t\t\t<\/div>\n\t\t\t\t<\/div>\n\t\t\t\t<\/div>\n\t\t","protected":false},"excerpt":{"rendered":"<p>Buchen Sie Ihren Behavioural Audit Adam FlittonExperte f\u00fcr Verhaltenswissenschaften Wir helfen Ihnen, herauszufinden, was das Wachstum behindert und was Sie dagegen tun k\u00f6nnen. Adam arbeitet mit F\u00fchrungsteams verschiedenster Branchen zusammen, um Entscheidungen zu gestalten und Leistung zu steigern. F\u00fchren Sie \u00fcber das untenstehende Feld ein erstes Gespr\u00e4ch mit ihm. Was passiert, nachdem Sie uns kontaktiert [&hellip;]<\/p>\n","protected":false},"author":6,"featured_media":4218,"parent":0,"menu_order":0,"comment_status":"closed","ping_status":"closed","template":"","meta":{"footnotes":""},"class_list":["post-4134","page","type-page","status-publish","has-post-thumbnail","hentry"],"yoast_head":"<!-- This site is optimized with the Yoast SEO plugin v26.7 - https:\/\/yoast.com\/wordpress\/plugins\/seo\/ -->\n<title>Verhaltenswissenschaft als Wachstumstreiber | Kontaktieren Sie uns<\/title>\n<meta name=\"description\" content=\"Unsere Verhaltenswissenschaftler:innen erzielen mit kleinen Ver\u00e4nderungen gro\u00dfe Wirkung. Transformieren Sie Ihre Organisation noch heute mit Verhaltenswissenschaft!\" \/>\n<meta name=\"robots\" content=\"index, follow, max-snippet:-1, max-image-preview:large, max-video-preview:-1\" \/>\n<link rel=\"canonical\" href=\"https:\/\/decyde.eu\/de\/kontakt\/\" \/>\n<meta property=\"og:locale\" content=\"de_DE\" \/>\n<meta property=\"og:type\" content=\"article\" \/>\n<meta property=\"og:title\" content=\"Verhaltenswissenschaft als Wachstumstreiber | Kontaktieren Sie uns\" \/>\n<meta property=\"og:description\" content=\"Unsere Verhaltenswissenschaftler:innen erzielen mit kleinen Ver\u00e4nderungen gro\u00dfe Wirkung. Transformieren Sie Ihre Organisation noch heute mit Verhaltenswissenschaft!\" \/>\n<meta property=\"og:url\" content=\"https:\/\/decyde.eu\/de\/kontakt\/\" \/>\n<meta property=\"og:site_name\" content=\"DECYDE\" \/>\n<meta property=\"article:modified_time\" content=\"2026-02-16T13:16:43+00:00\" \/>\n<meta property=\"og:image\" content=\"https:\/\/decyde.eu\/wp-content\/uploads\/2025\/07\/DECYDE_stage_image_why_decyde_03.jpg\" \/>\n\t<meta property=\"og:image:width\" content=\"2000\" \/>\n\t<meta property=\"og:image:height\" content=\"1000\" \/>\n\t<meta property=\"og:image:type\" content=\"image\/jpeg\" \/>\n<meta name=\"twitter:card\" content=\"summary_large_image\" \/>\n<meta name=\"twitter:label1\" content=\"Gesch\u00e4tzte Lesezeit\" \/>\n\t<meta name=\"twitter:data1\" content=\"1\u00a0Minute\" \/>\n<script type=\"application\/ld+json\" class=\"yoast-schema-graph\">{\"@context\":\"https:\/\/schema.org\",\"@graph\":[{\"@type\":\"WebPage\",\"@id\":\"https:\/\/decyde.eu\/de\/kontakt\/\",\"url\":\"https:\/\/decyde.eu\/de\/kontakt\/\",\"name\":\"Verhaltenswissenschaft als Wachstumstreiber | Kontaktieren Sie uns\",\"isPartOf\":{\"@id\":\"https:\/\/decyde.eu\/de\/#website\"},\"primaryImageOfPage\":{\"@id\":\"https:\/\/decyde.eu\/de\/kontakt\/#primaryimage\"},\"image\":{\"@id\":\"https:\/\/decyde.eu\/de\/kontakt\/#primaryimage\"},\"thumbnailUrl\":\"https:\/\/decyde.eu\/wp-content\/uploads\/2025\/07\/DECYDE_stage_image_why_decyde_03.jpg\",\"datePublished\":\"2025-07-23T12:50:47+00:00\",\"dateModified\":\"2026-02-16T13:16:43+00:00\",\"description\":\"Unsere Verhaltenswissenschaftler:innen erzielen mit kleinen Ver\u00e4nderungen gro\u00dfe Wirkung. Transformieren Sie Ihre Organisation noch heute mit Verhaltenswissenschaft!\",\"breadcrumb\":{\"@id\":\"https:\/\/decyde.eu\/de\/kontakt\/#breadcrumb\"},\"inLanguage\":\"de\",\"potentialAction\":[{\"@type\":\"ReadAction\",\"target\":[\"https:\/\/decyde.eu\/de\/kontakt\/\"]}]},{\"@type\":\"ImageObject\",\"inLanguage\":\"de\",\"@id\":\"https:\/\/decyde.eu\/de\/kontakt\/#primaryimage\",\"url\":\"https:\/\/decyde.eu\/wp-content\/uploads\/2025\/07\/DECYDE_stage_image_why_decyde_03.jpg\",\"contentUrl\":\"https:\/\/decyde.eu\/wp-content\/uploads\/2025\/07\/DECYDE_stage_image_why_decyde_03.jpg\",\"width\":2000,\"height\":1000,\"caption\":\"Abstract green-teal graphic\"},{\"@type\":\"BreadcrumbList\",\"@id\":\"https:\/\/decyde.eu\/de\/kontakt\/#breadcrumb\",\"itemListElement\":[{\"@type\":\"ListItem\",\"position\":1,\"name\":\"Home\",\"item\":\"https:\/\/decyde.eu\/de\/\"},{\"@type\":\"ListItem\",\"position\":2,\"name\":\"Kontakt\"}]},{\"@type\":\"WebSite\",\"@id\":\"https:\/\/decyde.eu\/de\/#website\",\"url\":\"https:\/\/decyde.eu\/de\/\",\"name\":\"decyde.eu\",\"description\":\"Shaping decisions. Delivering impact.\",\"publisher\":{\"@id\":\"https:\/\/decyde.eu\/de\/#organization\"},\"potentialAction\":[{\"@type\":\"SearchAction\",\"target\":{\"@type\":\"EntryPoint\",\"urlTemplate\":\"https:\/\/decyde.eu\/de\/?s={search_term_string}\"},\"query-input\":{\"@type\":\"PropertyValueSpecification\",\"valueRequired\":true,\"valueName\":\"search_term_string\"}}],\"inLanguage\":\"de\"},{\"@type\":\"Organization\",\"@id\":\"https:\/\/decyde.eu\/de\/#organization\",\"name\":\"decyde.eu\",\"url\":\"https:\/\/decyde.eu\/de\/\",\"logo\":{\"@type\":\"ImageObject\",\"inLanguage\":\"de\",\"@id\":\"https:\/\/decyde.eu\/de\/#\/schema\/logo\/image\/\",\"url\":\"https:\/\/decyde.eu\/wp-content\/uploads\/2024\/11\/DECYDE_by_Allianz_hor_Logo_LightGreen_RGB.svg\",\"contentUrl\":\"https:\/\/decyde.eu\/wp-content\/uploads\/2024\/11\/DECYDE_by_Allianz_hor_Logo_LightGreen_RGB.svg\",\"width\":1748,\"height\":190,\"caption\":\"decyde.eu\"},\"image\":{\"@id\":\"https:\/\/decyde.eu\/de\/#\/schema\/logo\/image\/\"}}]}<\/script>\n<!-- \/ Yoast SEO plugin. -->","yoast_head_json":{"title":"Verhaltenswissenschaft als Wachstumstreiber | Kontaktieren Sie uns","description":"Unsere Verhaltenswissenschaftler:innen erzielen mit kleinen Ver\u00e4nderungen gro\u00dfe Wirkung. Transformieren Sie Ihre Organisation noch heute mit Verhaltenswissenschaft!","robots":{"index":"index","follow":"follow","max-snippet":"max-snippet:-1","max-image-preview":"max-image-preview:large","max-video-preview":"max-video-preview:-1"},"canonical":"https:\/\/decyde.eu\/de\/kontakt\/","og_locale":"de_DE","og_type":"article","og_title":"Verhaltenswissenschaft als Wachstumstreiber | Kontaktieren Sie uns","og_description":"Unsere Verhaltenswissenschaftler:innen erzielen mit kleinen Ver\u00e4nderungen gro\u00dfe Wirkung. Transformieren Sie Ihre Organisation noch heute mit Verhaltenswissenschaft!","og_url":"https:\/\/decyde.eu\/de\/kontakt\/","og_site_name":"DECYDE","article_modified_time":"2026-02-16T13:16:43+00:00","og_image":[{"width":2000,"height":1000,"url":"https:\/\/decyde.eu\/wp-content\/uploads\/2025\/07\/DECYDE_stage_image_why_decyde_03.jpg","type":"image\/jpeg"}],"twitter_card":"summary_large_image","twitter_misc":{"Gesch\u00e4tzte Lesezeit":"1\u00a0Minute"},"schema":{"@context":"https:\/\/schema.org","@graph":[{"@type":"WebPage","@id":"https:\/\/decyde.eu\/de\/kontakt\/","url":"https:\/\/decyde.eu\/de\/kontakt\/","name":"Verhaltenswissenschaft als Wachstumstreiber | Kontaktieren Sie uns","isPartOf":{"@id":"https:\/\/decyde.eu\/de\/#website"},"primaryImageOfPage":{"@id":"https:\/\/decyde.eu\/de\/kontakt\/#primaryimage"},"image":{"@id":"https:\/\/decyde.eu\/de\/kontakt\/#primaryimage"},"thumbnailUrl":"https:\/\/decyde.eu\/wp-content\/uploads\/2025\/07\/DECYDE_stage_image_why_decyde_03.jpg","datePublished":"2025-07-23T12:50:47+00:00","dateModified":"2026-02-16T13:16:43+00:00","description":"Unsere Verhaltenswissenschaftler:innen erzielen mit kleinen Ver\u00e4nderungen gro\u00dfe Wirkung. Transformieren Sie Ihre Organisation noch heute mit Verhaltenswissenschaft!","breadcrumb":{"@id":"https:\/\/decyde.eu\/de\/kontakt\/#breadcrumb"},"inLanguage":"de","potentialAction":[{"@type":"ReadAction","target":["https:\/\/decyde.eu\/de\/kontakt\/"]}]},{"@type":"ImageObject","inLanguage":"de","@id":"https:\/\/decyde.eu\/de\/kontakt\/#primaryimage","url":"https:\/\/decyde.eu\/wp-content\/uploads\/2025\/07\/DECYDE_stage_image_why_decyde_03.jpg","contentUrl":"https:\/\/decyde.eu\/wp-content\/uploads\/2025\/07\/DECYDE_stage_image_why_decyde_03.jpg","width":2000,"height":1000,"caption":"Abstract green-teal graphic"},{"@type":"BreadcrumbList","@id":"https:\/\/decyde.eu\/de\/kontakt\/#breadcrumb","itemListElement":[{"@type":"ListItem","position":1,"name":"Home","item":"https:\/\/decyde.eu\/de\/"},{"@type":"ListItem","position":2,"name":"Kontakt"}]},{"@type":"WebSite","@id":"https:\/\/decyde.eu\/de\/#website","url":"https:\/\/decyde.eu\/de\/","name":"decyde.eu","description":"Shaping decisions. Delivering impact.","publisher":{"@id":"https:\/\/decyde.eu\/de\/#organization"},"potentialAction":[{"@type":"SearchAction","target":{"@type":"EntryPoint","urlTemplate":"https:\/\/decyde.eu\/de\/?s={search_term_string}"},"query-input":{"@type":"PropertyValueSpecification","valueRequired":true,"valueName":"search_term_string"}}],"inLanguage":"de"},{"@type":"Organization","@id":"https:\/\/decyde.eu\/de\/#organization","name":"decyde.eu","url":"https:\/\/decyde.eu\/de\/","logo":{"@type":"ImageObject","inLanguage":"de","@id":"https:\/\/decyde.eu\/de\/#\/schema\/logo\/image\/","url":"https:\/\/decyde.eu\/wp-content\/uploads\/2024\/11\/DECYDE_by_Allianz_hor_Logo_LightGreen_RGB.svg","contentUrl":"https:\/\/decyde.eu\/wp-content\/uploads\/2024\/11\/DECYDE_by_Allianz_hor_Logo_LightGreen_RGB.svg","width":1748,"height":190,"caption":"decyde.eu"},"image":{"@id":"https:\/\/decyde.eu\/de\/#\/schema\/logo\/image\/"}}]}},"_links":{"self":[{"href":"https:\/\/decyde.eu\/de\/wp-json\/wp\/v2\/pages\/4134","targetHints":{"allow":["GET"]}}],"collection":[{"href":"https:\/\/decyde.eu\/de\/wp-json\/wp\/v2\/pages"}],"about":[{"href":"https:\/\/decyde.eu\/de\/wp-json\/wp\/v2\/types\/page"}],"author":[{"embeddable":true,"href":"https:\/\/decyde.eu\/de\/wp-json\/wp\/v2\/users\/6"}],"replies":[{"embeddable":true,"href":"https:\/\/decyde.eu\/de\/wp-json\/wp\/v2\/comments?post=4134"}],"version-history":[{"count":6,"href":"https:\/\/decyde.eu\/de\/wp-json\/wp\/v2\/pages\/4134\/revisions"}],"predecessor-version":[{"id":5852,"href":"https:\/\/decyde.eu\/de\/wp-json\/wp\/v2\/pages\/4134\/revisions\/5852"}],"wp:featuredmedia":[{"embeddable":true,"href":"https:\/\/decyde.eu\/de\/wp-json\/wp\/v2\/media\/4218"}],"wp:attachment":[{"href":"https:\/\/decyde.eu\/de\/wp-json\/wp\/v2\/media?parent=4134"}],"curies":[{"name":"wp","href":"https:\/\/api.w.org\/{rel}","templated":true}]}}